{"id":6072,"date":"2022-03-17T12:31:22","date_gmt":"2022-03-17T11:31:22","guid":{"rendered":"https:\/\/www.lifeada.eu\/?page_id=6072"},"modified":"2022-03-18T18:25:16","modified_gmt":"2022-03-18T17:25:16","slug":"approfondimenti-rischi-climatici","status":"publish","type":"page","link":"https:\/\/www.lifeada.eu\/it\/approfondimenti-rischi-climatici\/","title":{"rendered":"Approfondimenti rischi climatici"},"content":{"rendered":"\t\t<div data-elementor-type=\"wp-page\" data-elementor-id=\"6072\" class=\"elementor elementor-6072\" data-elementor-post-type=\"page\">\n\t\t\t\t\t\t<section class=\"elementor-section elementor-top-section elementor-element elementor-element-6ba127a elementor-section-boxed elementor-section-height-default elementor-section-height-default\" data-id=\"6ba127a\" data-element_type=\"section\" data-e-type=\"section\" data-settings=\"{&quot;background_background&quot;:&quot;classic&quot;}\">\n\t\t\t\t\t\t<div class=\"elementor-container elementor-column-gap-default\">\n\t\t\t\t\t<div class=\"elementor-column elementor-col-100 elementor-top-column elementor-element elementor-element-7e561f3\" data-id=\"7e561f3\" data-element_type=\"column\" data-e-type=\"column\">\n\t\t\t<div class=\"elementor-widget-wrap elementor-element-populated\">\n\t\t\t\t\t\t<div class=\"elementor-element elementor-element-23e05b3 elementor-widget elementor-widget-heading\" data-id=\"23e05b3\" data-element_type=\"widget\" data-e-type=\"widget\" data-widget_type=\"heading.default\">\n\t\t\t\t<div class=\"elementor-widget-container\">\n\t\t\t\t\t<h2 class=\"elementor-heading-title elementor-size-default\">Approfondimenti<\/h2>\t\t\t\t<\/div>\n\t\t\t\t<\/div>\n\t\t\t\t<div class=\"elementor-element elementor-element-bd68116 elementor-widget elementor-widget-heading\" data-id=\"bd68116\" data-element_type=\"widget\" data-e-type=\"widget\" data-widget_type=\"heading.default\">\n\t\t\t\t<div class=\"elementor-widget-container\">\n\t\t\t\t\t<h2 class=\"elementor-heading-title elementor-size-default\">Rischi climatici<\/h2>\t\t\t\t<\/div>\n\t\t\t\t<\/div>\n\t\t\t\t\t<\/div>\n\t\t<\/div>\n\t\t\t\t\t<\/div>\n\t\t<\/section>\n\t\t\t\t<section class=\"elementor-section elementor-top-section elementor-element elementor-element-a15858e elementor-section-boxed elementor-section-height-default elementor-section-height-default\" data-id=\"a15858e\" data-element_type=\"section\" data-e-type=\"section\">\n\t\t\t\t\t\t<div class=\"elementor-container elementor-column-gap-default\">\n\t\t\t\t\t<div class=\"elementor-column elementor-col-100 elementor-top-column elementor-element elementor-element-88a804b\" data-id=\"88a804b\" data-element_type=\"column\" data-e-type=\"column\">\n\t\t\t<div class=\"elementor-widget-wrap elementor-element-populated\">\n\t\t\t\t\t\t<div class=\"elementor-element elementor-element-4489c20 elementor-widget elementor-widget-html\" data-id=\"4489c20\" data-element_type=\"widget\" data-e-type=\"widget\" data-widget_type=\"html.default\">\n\t\t\t\t<div class=\"elementor-widget-container\">\n\t\t\t\t\t<script> jQuery(document).ready(function($) {\nvar delay = 100; setTimeout(function() {\n$('.elementor-tab-title').removeClass('elementor-active'); $('.elementor-tab-content').css('display', 'none'); }, delay);\n});\n<\/script>\t\t\t\t<\/div>\n\t\t\t\t<\/div>\n\t\t\t\t<div class=\"elementor-element elementor-element-0ef3475 elementor-widget elementor-widget-heading\" data-id=\"0ef3475\" data-element_type=\"widget\" data-e-type=\"widget\" data-widget_type=\"heading.default\">\n\t\t\t\t<div class=\"elementor-widget-container\">\n\t\t\t\t\t<h2 class=\"elementor-heading-title elementor-size-default\">Clicca per espandere i contenuti<\/h2>\t\t\t\t<\/div>\n\t\t\t\t<\/div>\n\t\t\t\t<div class=\"elementor-element elementor-element-5e4a251 elementor-widget elementor-widget-accordion\" data-id=\"5e4a251\" data-element_type=\"widget\" data-e-type=\"widget\" data-widget_type=\"accordion.default\">\n\t\t\t\t<div class=\"elementor-widget-container\">\n\t\t\t\t\t\t\t<div class=\"elementor-accordion\">\n\t\t\t\t\t\t\t<div class=\"elementor-accordion-item\">\n\t\t\t\t\t<div id=\"elementor-tab-title-9881\" class=\"elementor-tab-title\" data-tab=\"1\" role=\"button\" aria-controls=\"elementor-tab-content-9881\" aria-expanded=\"false\">\n\t\t\t\t\t\t\t\t\t\t\t\t\t<span class=\"elementor-accordion-icon elementor-accordion-icon-right\" aria-hidden=\"true\">\n\t\t\t\t\t\t\t\t\t\t\t\t\t\t\t<span class=\"elementor-accordion-icon-closed\"><i class=\"fas fa-chevron-down\"><\/i><\/span>\n\t\t\t\t\t\t\t\t<span class=\"elementor-accordion-icon-opened\"><i class=\"fas fa-chevron-up\"><\/i><\/span>\n\t\t\t\t\t\t\t\t\t\t\t\t\t\t<\/span>\n\t\t\t\t\t\t\t\t\t\t\t\t<a class=\"elementor-accordion-title\" tabindex=\"0\">Cuneo salino<\/a>\n\t\t\t\t\t<\/div>\n\t\t\t\t\t<div id=\"elementor-tab-content-9881\" class=\"elementor-tab-content elementor-clearfix\" data-tab=\"1\" role=\"region\" aria-labelledby=\"elementor-tab-title-9881\"><p class=\"p1\">Intrusione di acque saline dal mare verso l&#8217;entroterra attraverso il sottosuolo; tale fenomeno, che si pu\u00f2 verificare nelle foci deltizie, \u00e8 principalmente dovuto a ridotte portate del corso d&#8217;acqua, causate da contenuti rilasci idrici montani, prelievi incontrollati, gestione delle acque poco accorta. Da un punto di vista agronomico, tale fenomeno si esplice con l&#8217;aumento della pressione osmotica della soluzione circolante, squilibrio nutrizionale e tossicit\u00e0 dei singoli ioni che si pu\u00f2 manifstare sulle colture, a seconda della specifica tolleranza alla salinit\u00e0, con sviluppo vegetativo stentato che porta a perdite di resa, amplificato soprattutto nei periodi di siccit\u00e0 ove la diluizione dei sali \u00e8 limitata.<\/p><\/div>\n\t\t\t\t<\/div>\n\t\t\t\t\t\t\t<div class=\"elementor-accordion-item\">\n\t\t\t\t\t<div id=\"elementor-tab-title-9882\" class=\"elementor-tab-title\" data-tab=\"2\" role=\"button\" aria-controls=\"elementor-tab-content-9882\" aria-expanded=\"false\">\n\t\t\t\t\t\t\t\t\t\t\t\t\t<span class=\"elementor-accordion-icon elementor-accordion-icon-right\" aria-hidden=\"true\">\n\t\t\t\t\t\t\t\t\t\t\t\t\t\t\t<span class=\"elementor-accordion-icon-closed\"><i class=\"fas fa-chevron-down\"><\/i><\/span>\n\t\t\t\t\t\t\t\t<span class=\"elementor-accordion-icon-opened\"><i class=\"fas fa-chevron-up\"><\/i><\/span>\n\t\t\t\t\t\t\t\t\t\t\t\t\t\t<\/span>\n\t\t\t\t\t\t\t\t\t\t\t\t<a class=\"elementor-accordion-title\" tabindex=\"0\">Danni da temperature estreme massime<\/a>\n\t\t\t\t\t<\/div>\n\t\t\t\t\t<div id=\"elementor-tab-content-9882\" class=\"elementor-tab-content elementor-clearfix\" data-tab=\"2\" role=\"region\" aria-labelledby=\"elementor-tab-title-9882\"><p class=\"p1\">Temperature molto elevate possono comportare diverse problematiche alle piante.<span class=\"Apple-converted-space\"> \u00a0<\/span>Sopra una certa soglia termica, variabile a seconda della pianta, la fotosintesi inzia a calare<span class=\"Apple-converted-space\"> \u00a0<\/span>e la respirazione a crescere provocando un&#8217;assimilazione netta molto inferiore. Inoltre ondate di calore possono provocare reazioni difensive della pianta come la produzione di strati<span class=\"Apple-converted-space\"> \u00a0<\/span>cerosi per inibire la perdita d&#8217;acqua ma che allo stesso tempo, chiudendo parzialmente gli<span class=\"Apple-converted-space\"> \u00a0<\/span>stomi, limitano i processi fotosintetici. Questi effetti permangono anche una volta che l&#8217;ondata di calore \u00e8 passata. I danni maggiori da temperature calde estreme si verificano in estate,<span class=\"Apple-converted-space\"> \u00a0<\/span>tuttavia anche in momenti diversi dell&#8217;anno temperature troppo alte possono comportare<span class=\"Apple-converted-space\"> \u00a0<\/span>dannosi mutamenti fisiologici o alterazione degli stadi fenologici compromettendo poi le rese.<\/p><\/div>\n\t\t\t\t<\/div>\n\t\t\t\t\t\t\t<div class=\"elementor-accordion-item\">\n\t\t\t\t\t<div id=\"elementor-tab-title-9883\" class=\"elementor-tab-title\" data-tab=\"3\" role=\"button\" aria-controls=\"elementor-tab-content-9883\" aria-expanded=\"false\">\n\t\t\t\t\t\t\t\t\t\t\t\t\t<span class=\"elementor-accordion-icon elementor-accordion-icon-right\" aria-hidden=\"true\">\n\t\t\t\t\t\t\t\t\t\t\t\t\t\t\t<span class=\"elementor-accordion-icon-closed\"><i class=\"fas fa-chevron-down\"><\/i><\/span>\n\t\t\t\t\t\t\t\t<span class=\"elementor-accordion-icon-opened\"><i class=\"fas fa-chevron-up\"><\/i><\/span>\n\t\t\t\t\t\t\t\t\t\t\t\t\t\t<\/span>\n\t\t\t\t\t\t\t\t\t\t\t\t<a class=\"elementor-accordion-title\" tabindex=\"0\">Danni da temperature estreme minime<\/a>\n\t\t\t\t\t<\/div>\n\t\t\t\t\t<div id=\"elementor-tab-content-9883\" class=\"elementor-tab-content elementor-clearfix\" data-tab=\"3\" role=\"region\" aria-labelledby=\"elementor-tab-title-9883\"><p class=\"p1\">La problematica del gelo tardivo, nonostante il generale aumento termico dovuto al mutamento climatico, \u00e8 una avversit\u00e0 per cui non \u00e8 attesa una diminuzione del rischio, anzi da recenti studi del SIMC risulta un aumento delle probabilit\u00e0 di evento che risultano dalla combinazione di due tendenze climatiche concordi nell&#8217;aumento del rischio:<\/p><ol><li class=\"p1\">il sistematico aumento termico invernale e dei primi mesi primaverili che accelera lo sviluppo fenologico delle colture che si presentano, a inizio primavera, in fasi fenologiche decisamente pi\u00f9 sensibili ai ritorni di freddo<\/li><li class=\"p1\">l&#8217;aumento dalla variabilit\u00e0 dell&#8217;andamento meteorologico nel periodo fine marzo-inizio aprile<span class=\"Apple-converted-space\">\u00a0 <\/span>che vede stabili o in aumento gli episodi di minime inferiori allo zero<\/li><\/ol><\/div>\n\t\t\t\t<\/div>\n\t\t\t\t\t\t\t<div class=\"elementor-accordion-item\">\n\t\t\t\t\t<div id=\"elementor-tab-title-9884\" class=\"elementor-tab-title\" data-tab=\"4\" role=\"button\" aria-controls=\"elementor-tab-content-9884\" aria-expanded=\"false\">\n\t\t\t\t\t\t\t\t\t\t\t\t\t<span class=\"elementor-accordion-icon elementor-accordion-icon-right\" aria-hidden=\"true\">\n\t\t\t\t\t\t\t\t\t\t\t\t\t\t\t<span class=\"elementor-accordion-icon-closed\"><i class=\"fas fa-chevron-down\"><\/i><\/span>\n\t\t\t\t\t\t\t\t<span class=\"elementor-accordion-icon-opened\"><i class=\"fas fa-chevron-up\"><\/i><\/span>\n\t\t\t\t\t\t\t\t\t\t\t\t\t\t<\/span>\n\t\t\t\t\t\t\t\t\t\t\t\t<a class=\"elementor-accordion-title\" tabindex=\"0\">Danni fitosanitari<\/a>\n\t\t\t\t\t<\/div>\n\t\t\t\t\t<div id=\"elementor-tab-content-9884\" class=\"elementor-tab-content elementor-clearfix\" data-tab=\"4\" role=\"region\" aria-labelledby=\"elementor-tab-title-9884\"><p class=\"p1\">Perdita di valore commerciale delle produzioni agrarie causato da organismi nocivi come patogeni (funghi, batteri, virus, viroidi e fitoplasmi) o parassiti (insetti, acari, nematodi, molluschi).<\/p><\/div>\n\t\t\t\t<\/div>\n\t\t\t\t\t\t\t<div class=\"elementor-accordion-item\">\n\t\t\t\t\t<div id=\"elementor-tab-title-9885\" class=\"elementor-tab-title\" data-tab=\"5\" role=\"button\" aria-controls=\"elementor-tab-content-9885\" aria-expanded=\"false\">\n\t\t\t\t\t\t\t\t\t\t\t\t\t<span class=\"elementor-accordion-icon elementor-accordion-icon-right\" aria-hidden=\"true\">\n\t\t\t\t\t\t\t\t\t\t\t\t\t\t\t<span class=\"elementor-accordion-icon-closed\"><i class=\"fas fa-chevron-down\"><\/i><\/span>\n\t\t\t\t\t\t\t\t<span class=\"elementor-accordion-icon-opened\"><i class=\"fas fa-chevron-up\"><\/i><\/span>\n\t\t\t\t\t\t\t\t\t\t\t\t\t\t<\/span>\n\t\t\t\t\t\t\t\t\t\t\t\t<a class=\"elementor-accordion-title\" tabindex=\"0\">Eccesso idrico<\/a>\n\t\t\t\t\t<\/div>\n\t\t\t\t\t<div id=\"elementor-tab-content-9885\" class=\"elementor-tab-content elementor-clearfix\" data-tab=\"5\" role=\"region\" aria-labelledby=\"elementor-tab-title-9885\"><p class=\"p1\">L&#8217;eccesso idrico dei suoli si verifica quando il contenuto idrico del suolo \u00e8 superiore alla capacit\u00e0 di campo in tutto il suo profilo o solo in alcuni orizzonti ed \u00e8 presente acqua libera in superficie. Gli effetti negativi dell\u2019eccesso idrico si manifestano sul terreno e sulla cultura. Sul terreno esso si manifesta come una insufficiente aerazione, favorendo l&#8217; attivit\u00e0 anaerobica dei microrganismi, e come una evoluzione anomala della sostanza organica a causa della quale il terreno si presenta con un aggregazione strutturale insufficiente tale da rendere difficili i movimenti dell&#8217;acqua e dell&#8217;aria anche nei periodi in cui il ristagno \u00e8 assente. Gli effetti del ristagno sulle colture sono in parte le conseguenze dei fenomeni sopra citati. Il primo effetto negativo della scarsa disponibilit\u00e0 di ossigeno consiste nella riduzione dell&#8217;attivit\u00e0 respiratoria delle radici che comporta un rallentamento o una stasi nello sviluppo; l&#8217;assorbimento degli elementi nutritivi viene ridotto e diminuisce anche la loro concentrazione all&#8217;interno della pianta, l&#8217;accrescimento dell&#8217;apparato radicale \u00e8 limitato. Un altro aspetto importante riguarda le fitopatie: le piante che si trovano in terreni asfittici sono meno resistenti agli attacchi parassitari e le condizioni del terreno favoriscono anche attacchi fungini.<\/p><\/div>\n\t\t\t\t<\/div>\n\t\t\t\t\t\t\t<div class=\"elementor-accordion-item\">\n\t\t\t\t\t<div id=\"elementor-tab-title-9886\" class=\"elementor-tab-title\" data-tab=\"6\" role=\"button\" aria-controls=\"elementor-tab-content-9886\" aria-expanded=\"false\">\n\t\t\t\t\t\t\t\t\t\t\t\t\t<span class=\"elementor-accordion-icon elementor-accordion-icon-right\" aria-hidden=\"true\">\n\t\t\t\t\t\t\t\t\t\t\t\t\t\t\t<span class=\"elementor-accordion-icon-closed\"><i class=\"fas fa-chevron-down\"><\/i><\/span>\n\t\t\t\t\t\t\t\t<span class=\"elementor-accordion-icon-opened\"><i class=\"fas fa-chevron-up\"><\/i><\/span>\n\t\t\t\t\t\t\t\t\t\t\t\t\t\t<\/span>\n\t\t\t\t\t\t\t\t\t\t\t\t<a class=\"elementor-accordion-title\" tabindex=\"0\">Erosione<\/a>\n\t\t\t\t\t<\/div>\n\t\t\t\t\t<div id=\"elementor-tab-content-9886\" class=\"elementor-tab-content elementor-clearfix\" data-tab=\"6\" role=\"region\" aria-labelledby=\"elementor-tab-title-9886\"><p class=\"p1\">L\u2019erosione \u00e8 un processo naturale che consiste nella separazione fisica, da suoli e rocce affioranti, e successivo allontanamento di frammenti, chiamati &#8220;clasti&#8221;,e<span class=\"Apple-converted-space\"> \u00a0<\/span>di soluti generati dalla fase di degradazione meteorica. Il termine viene applicato non<span class=\"Apple-converted-space\"> \u00a0<\/span>solo al processo fisico-chimico in s\u00e9, ma anche agli effetti che l&#8217;erosione produce sul territorio. L&#8217;erosione pu\u00f2 essere accelerata dall&#8217;intervento antropico che sconvolge l&#8217;equilibrio dell&#8217;ambiente portando ad una perdita netta di suolo con conseguenze dannose sia per<span class=\"Apple-converted-space\"> \u00a0<\/span>l&#8217;ambiente che per le produzioni stesse. In agricoltura interessano principalmente alcuni tipi di erosione:<\/p><ol><li class=\"p1\">da precipitazione intensa (dilavamento)<\/li><li class=\"p1\">da vento<\/li><li class=\"p1\">da sistemazioni non oculate del terreno soprattutto in ambiente montano-collinare che provocano frane e smottamenti<\/li><\/ol><\/div>\n\t\t\t\t<\/div>\n\t\t\t\t\t\t\t<div class=\"elementor-accordion-item\">\n\t\t\t\t\t<div id=\"elementor-tab-title-9887\" class=\"elementor-tab-title\" data-tab=\"7\" role=\"button\" aria-controls=\"elementor-tab-content-9887\" aria-expanded=\"false\">\n\t\t\t\t\t\t\t\t\t\t\t\t\t<span class=\"elementor-accordion-icon elementor-accordion-icon-right\" aria-hidden=\"true\">\n\t\t\t\t\t\t\t\t\t\t\t\t\t\t\t<span class=\"elementor-accordion-icon-closed\"><i class=\"fas fa-chevron-down\"><\/i><\/span>\n\t\t\t\t\t\t\t\t<span class=\"elementor-accordion-icon-opened\"><i class=\"fas fa-chevron-up\"><\/i><\/span>\n\t\t\t\t\t\t\t\t\t\t\t\t\t\t<\/span>\n\t\t\t\t\t\t\t\t\t\t\t\t<a class=\"elementor-accordion-title\" tabindex=\"0\">Eventi alluvionali<\/a>\n\t\t\t\t\t<\/div>\n\t\t\t\t\t<div id=\"elementor-tab-content-9887\" class=\"elementor-tab-content elementor-clearfix\" data-tab=\"7\" role=\"region\" aria-labelledby=\"elementor-tab-title-9887\"><p class=\"p1\">Allagamento temporaneo di aree che abitualmente non sono coperte d\u2019acqua. L\u2019inondazione di tali aree pu\u00f2 essere provocata da fiumi, torrenti, canali, laghi e, per le zone costiere, dal mare.<\/p><\/div>\n\t\t\t\t<\/div>\n\t\t\t\t\t\t\t<div class=\"elementor-accordion-item\">\n\t\t\t\t\t<div id=\"elementor-tab-title-9888\" class=\"elementor-tab-title\" data-tab=\"8\" role=\"button\" aria-controls=\"elementor-tab-content-9888\" aria-expanded=\"false\">\n\t\t\t\t\t\t\t\t\t\t\t\t\t<span class=\"elementor-accordion-icon elementor-accordion-icon-right\" aria-hidden=\"true\">\n\t\t\t\t\t\t\t\t\t\t\t\t\t\t\t<span class=\"elementor-accordion-icon-closed\"><i class=\"fas fa-chevron-down\"><\/i><\/span>\n\t\t\t\t\t\t\t\t<span class=\"elementor-accordion-icon-opened\"><i class=\"fas fa-chevron-up\"><\/i><\/span>\n\t\t\t\t\t\t\t\t\t\t\t\t\t\t<\/span>\n\t\t\t\t\t\t\t\t\t\t\t\t<a class=\"elementor-accordion-title\" tabindex=\"0\">Grandine<\/a>\n\t\t\t\t\t<\/div>\n\t\t\t\t\t<div id=\"elementor-tab-content-9888\" class=\"elementor-tab-content elementor-clearfix\" data-tab=\"8\" role=\"region\" aria-labelledby=\"elementor-tab-title-9888\"><p class=\"p1\">Acqua congelata nell\u2019atmosfera che precipita al suolo in forma di granelli di ghiaccio di dimensioni variabili.<\/p><\/div>\n\t\t\t\t<\/div>\n\t\t\t\t\t\t\t<div class=\"elementor-accordion-item\">\n\t\t\t\t\t<div id=\"elementor-tab-title-9889\" class=\"elementor-tab-title\" data-tab=\"9\" role=\"button\" aria-controls=\"elementor-tab-content-9889\" aria-expanded=\"false\">\n\t\t\t\t\t\t\t\t\t\t\t\t\t<span class=\"elementor-accordion-icon elementor-accordion-icon-right\" aria-hidden=\"true\">\n\t\t\t\t\t\t\t\t\t\t\t\t\t\t\t<span class=\"elementor-accordion-icon-closed\"><i class=\"fas fa-chevron-down\"><\/i><\/span>\n\t\t\t\t\t\t\t\t<span class=\"elementor-accordion-icon-opened\"><i class=\"fas fa-chevron-up\"><\/i><\/span>\n\t\t\t\t\t\t\t\t\t\t\t\t\t\t<\/span>\n\t\t\t\t\t\t\t\t\t\t\t\t<a class=\"elementor-accordion-title\" tabindex=\"0\">Perdita di vocazionalit\u00e0 territoriale<\/a>\n\t\t\t\t\t<\/div>\n\t\t\t\t\t<div id=\"elementor-tab-content-9889\" class=\"elementor-tab-content elementor-clearfix\" data-tab=\"9\" role=\"region\" aria-labelledby=\"elementor-tab-title-9889\"><p class=\"p1\">L&#8217;insieme dei fattori abiotici (pedo-climatici) e biotici (organismi viventi animali e vegetali) e delle loro reciproche interazioni favorevoli all&#8217;ottenimento di produzioni agrarie con determinate caratteristiche quantitative e qualitative senza eccessivo impiego di mezzi tecnici<\/p><\/div>\n\t\t\t\t<\/div>\n\t\t\t\t\t\t\t<div class=\"elementor-accordion-item\">\n\t\t\t\t\t<div id=\"elementor-tab-title-98810\" class=\"elementor-tab-title\" data-tab=\"10\" role=\"button\" aria-controls=\"elementor-tab-content-98810\" aria-expanded=\"false\">\n\t\t\t\t\t\t\t\t\t\t\t\t\t<span class=\"elementor-accordion-icon elementor-accordion-icon-right\" aria-hidden=\"true\">\n\t\t\t\t\t\t\t\t\t\t\t\t\t\t\t<span class=\"elementor-accordion-icon-closed\"><i class=\"fas fa-chevron-down\"><\/i><\/span>\n\t\t\t\t\t\t\t\t<span class=\"elementor-accordion-icon-opened\"><i class=\"fas fa-chevron-up\"><\/i><\/span>\n\t\t\t\t\t\t\t\t\t\t\t\t\t\t<\/span>\n\t\t\t\t\t\t\t\t\t\t\t\t<a class=\"elementor-accordion-title\" tabindex=\"0\">Precipitazioni intense<\/a>\n\t\t\t\t\t<\/div>\n\t\t\t\t\t<div id=\"elementor-tab-content-98810\" class=\"elementor-tab-content elementor-clearfix\" data-tab=\"10\" role=\"region\" aria-labelledby=\"elementor-tab-title-98810\"><p class=\"p1\">Asfissia radicale, erosione.<\/p><\/div>\n\t\t\t\t<\/div>\n\t\t\t\t\t\t\t<div class=\"elementor-accordion-item\">\n\t\t\t\t\t<div id=\"elementor-tab-title-98811\" class=\"elementor-tab-title\" data-tab=\"11\" role=\"button\" aria-controls=\"elementor-tab-content-98811\" aria-expanded=\"false\">\n\t\t\t\t\t\t\t\t\t\t\t\t\t<span class=\"elementor-accordion-icon elementor-accordion-icon-right\" aria-hidden=\"true\">\n\t\t\t\t\t\t\t\t\t\t\t\t\t\t\t<span class=\"elementor-accordion-icon-closed\"><i class=\"fas fa-chevron-down\"><\/i><\/span>\n\t\t\t\t\t\t\t\t<span class=\"elementor-accordion-icon-opened\"><i class=\"fas fa-chevron-up\"><\/i><\/span>\n\t\t\t\t\t\t\t\t\t\t\t\t\t\t<\/span>\n\t\t\t\t\t\t\t\t\t\t\t\t<a class=\"elementor-accordion-title\" tabindex=\"0\">Siccit\u00e0<\/a>\n\t\t\t\t\t<\/div>\n\t\t\t\t\t<div id=\"elementor-tab-content-98811\" class=\"elementor-tab-content elementor-clearfix\" data-tab=\"11\" role=\"region\" aria-labelledby=\"elementor-tab-title-98811\"><p>La siccit\u00e0 \u00e8 il &#8220;decremento dell&#8217;acqua disponibile in un particolare periodo e per una particolare zona&#8221; (Wilhite, 1993); secondo questa accezione si presenta, quindi, come un fenomeno sporadico che pu\u00f2 colpire anche aree non aride. La siccit\u00e0 \u00e8, infatti, una normale e ricorrente caratteristica del ciclo idrologico e pu\u00f2 verificarsi sia in regioni secche che umide. La siccit\u00e0 ha origine da una deficienza di precipitazione su un periodo di tempo esteso, di solito una stagione o pi\u00f9 e viene valutata in relazione al bilancio locale tra precipitazione ed evapotraspirazione (evaporazione + traspirazione). \u00c8 anche legata all&#8217;intervallo di tempo in cui si presenta (stagione di occorrenza), al ritardo dell&#8217;inizio del periodo delle precipitazioni, all&#8217;efficacia delle piogge, ovvero alla loro intensit\u00e0 ed al numero d&#8217;eventi piovosi. Altri fattori quali la temperatura, i venti e l&#8217;umidit\u00e0 dei terreni sono spesso associati alla siccit\u00e0 e possono contribuire ad aggravarne la severit\u00e0.<\/p><\/div>\n\t\t\t\t<\/div>\n\t\t\t\t\t\t\t<div class=\"elementor-accordion-item\">\n\t\t\t\t\t<div id=\"elementor-tab-title-98812\" class=\"elementor-tab-title\" data-tab=\"12\" role=\"button\" aria-controls=\"elementor-tab-content-98812\" aria-expanded=\"false\">\n\t\t\t\t\t\t\t\t\t\t\t\t\t<span class=\"elementor-accordion-icon elementor-accordion-icon-right\" aria-hidden=\"true\">\n\t\t\t\t\t\t\t\t\t\t\t\t\t\t\t<span class=\"elementor-accordion-icon-closed\"><i class=\"fas fa-chevron-down\"><\/i><\/span>\n\t\t\t\t\t\t\t\t<span class=\"elementor-accordion-icon-opened\"><i class=\"fas fa-chevron-up\"><\/i><\/span>\n\t\t\t\t\t\t\t\t\t\t\t\t\t\t<\/span>\n\t\t\t\t\t\t\t\t\t\t\t\t<a class=\"elementor-accordion-title\" tabindex=\"0\">Vento<\/a>\n\t\t\t\t\t<\/div>\n\t\t\t\t\t<div id=\"elementor-tab-content-98812\" class=\"elementor-tab-content elementor-clearfix\" data-tab=\"12\" role=\"region\" aria-labelledby=\"elementor-tab-title-98812\"><p class=\"p1\">Il vento rappresenta un fattore climatico di non trascurabile importanza specie in quelle zone ove soffia con frequenze elevate e con notevole intensit\u00e0. Molto importante \u00e8 la provenienza dei venti dominanti: infatti, se essi provengono dal mare rendono pi\u00f9 frequente la pioggia e la nuvolosit\u00e0 e attenuano le escursioni termiche; allorch\u00e9 provengano da zone fredde o calde modificano sostanzialmente il clima che sarebbe caratteristico di una certa zona in quanto situata a determinate latitudine ed altitudini. Sulla vegetazione il vento esplica un insieme di effetti diretti e indiretti di ordine fisico e biologico, tra questi si menzionano:<\/p><ol><li class=\"p1\">il trasporto di masse d&#8217;aria calda o fredda con interferenza nel bilancio energetico delle piante e conseguentemente sul processo di evapotraspirazione<\/li><li class=\"p1\">accelerazione dei processi di maturazione (ad esempio stretta dei cereali) ed essiccamento<\/li><li class=\"p1\">allettamento<\/li><li class=\"p1\">rottura di rami e piante intere, caduta di frutti, danneggiamento di tunnel e serre<\/li><li class=\"p1\">erosione eolica<\/li><\/ol><\/div>\n\t\t\t\t<\/div>\n\t\t\t\t\t\t\t\t<\/div>\n\t\t\t\t\t\t<\/div>\n\t\t\t\t<\/div>\n\t\t\t\t\t<\/div>\n\t\t<\/div>\n\t\t\t\t\t<\/div>\n\t\t<\/section>\n\t\t\t\t<\/div>\n\t\t","protected":false},"excerpt":{"rendered":"<p>Approfondimenti Rischi climatici Clicca per espandere i contenuti Cuneo salino Intrusione di acque saline dal mare verso l&#8217;entroterra attraverso il sottosuolo; tale fenomeno, che si pu\u00f2 verificare nelle foci deltizie, \u00e8 principalmente dovuto a ridotte portate del corso d&#8217;acqua, causate da contenuti rilasci idrici montani, prelievi incontrollati, gestione delle acque poco accorta. Da un punto [&hellip;]<\/p>\n","protected":false},"author":1,"featured_media":0,"parent":0,"menu_order":0,"comment_status":"closed","ping_status":"closed","template":"elementor_header_footer","meta":{"footnotes":""},"class_list":["post-6072","page","type-page","status-publish","hentry"],"_links":{"self":[{"href":"https:\/\/www.lifeada.eu\/it\/wp-json\/wp\/v2\/pages\/6072","targetHints":{"allow":["GET"]}}],"collection":[{"href":"https:\/\/www.lifeada.eu\/it\/wp-json\/wp\/v2\/pages"}],"about":[{"href":"https:\/\/www.lifeada.eu\/it\/wp-json\/wp\/v2\/types\/page"}],"author":[{"embeddable":true,"href":"https:\/\/www.lifeada.eu\/it\/wp-json\/wp\/v2\/users\/1"}],"replies":[{"embeddable":true,"href":"https:\/\/www.lifeada.eu\/it\/wp-json\/wp\/v2\/comments?post=6072"}],"version-history":[{"count":68,"href":"https:\/\/www.lifeada.eu\/it\/wp-json\/wp\/v2\/pages\/6072\/revisions"}],"predecessor-version":[{"id":6400,"href":"https:\/\/www.lifeada.eu\/it\/wp-json\/wp\/v2\/pages\/6072\/revisions\/6400"}],"wp:attachment":[{"href":"https:\/\/www.lifeada.eu\/it\/wp-json\/wp\/v2\/media?parent=6072"}],"curies":[{"name":"wp","href":"https:\/\/api.w.org\/{rel}","templated":true}]}}